{"id":3,"date":"2023-11-24T16:42:27","date_gmt":"2023-11-24T16:42:27","guid":{"rendered":"https:\/\/salomeodv.it\/web\/?page_id=3"},"modified":"2023-11-24T17:06:21","modified_gmt":"2023-11-24T17:06:21","slug":"privacy-policy","status":"publish","type":"page","link":"https:\/\/salomeodv.it\/web\/privacy-policy\/","title":{"rendered":"Privacy Policy"},"content":{"rendered":"\n<p>Data di entrata in vigore: 2023-11-24<\/p>\n\n\n\n<p>Ultimo aggiornamento: 2023-11-24<\/p>\n\n\n\n<p>\n  La presente Informativa sulla privacy spiega le politiche di Salom\u00e9 odv sulla \nraccolta e l&#8217;uso delle informazioni che raccogliamo quando accedi a https:\/\/salomeodv.it (il &#8220;Servizio&#8221;). La presente Informativa \nsulla privacy descrive i tuoi diritti e in che maniera sei protetto dalle leggi sulla privacy.<\/p>\n\n\n\n<p>\n  Utilizzando il nostro Servizio, acconsenti alla raccolta e all&#8217;utilizzo delle tue informazioni \nin conformit\u00e0 con la presente Informativa sulla privacy. Ti preghiamo di non accedere o utilizzare il nostro Servizio se \nnon acconsenti alla raccolta e all&#8217;utilizzo delle informazioni come indicato nella presente Informativa sulla privacy. La \npresente Informativa sulla privacy \u00e8 stata creata con l&#8217;aiuto del <a target=\"_blank\" href=\"https:\/\/cookie-script.com\/privacy-policy-generator\" rel=\"noopener\">Generatore di informative sulla privacy di CookieScript<\/a>.<\/p>\n\n\n\n<p>Salom\u00e9 odv \u00e8 autorizzata a modificare la presente Informativa sulla privacy in qualsiasi momento. Questo pu\u00f2 avvenire senza preavviso.<\/p>\n\n\n\n<p>\n  Salom\u00e9 odv pubblicher\u00e0 l&#8217;Informativa sulla privacy modificata sul sito web https:\/\/salomeodv.it.<\/p>\n\n\n\n<h3 class=\"wp-block-heading\">Raccolta e utilizzo delle tue informazioni personali<\/h3>\n\n\n\n<h4 class=\"wp-block-heading\">Informazioni raccolte<\/h4>\n\n\n\n<p>\n      Quando utilizzi il nostro Servizio, ti verr\u00e0 richiesto di fornirci delle informazioni personali utilizzate per contattarti o identificarti. https:\/\/salomeodv.it raccoglie le seguenti informazioni:    <\/p>\n\n\n\n<ul class=\"wp-block-list\">\n<li>Dati di utilizzo<\/li>\n<\/ul>\n\n\n\n<p>I dati di utilizzo includono quanto segue:<\/p>\n\n\n\n<ul class=\"wp-block-list\">\n<li>Indirizzo Protocollo Internet (IP) dei computer che accedono al sito<\/li>\n\n\n\n<li>Richieste di pagine web<\/li>\n\n\n\n<li>Pagine web di riferimento<\/li>\n\n\n\n<li>Browser utilizzato per accedere al sito<\/li>\n\n\n\n<li>Ora e data di accesso<\/li>\n<\/ul>\n\n\n\n<h4 class=\"wp-block-heading\">Come raccogliamo le informazioni<\/h4>\n\n\n\n<p>\n      https:\/\/salomeodv.it raccoglie e riceve informazioni da parte tua nelle seguenti modalit\u00e0:    <\/p>\n\n\n\n<ul class=\"wp-block-list\">\n<li>Quando interagisci con il nostro Servizio.<\/li>\n<\/ul>\n\n\n\n<p>\n      Le tue informazioni saranno conservate per un massimo di 365 giorni \ndopo la chiusura del tuo account. Le tue informazioni possono essere conservate per periodi pi\u00f9 lunghi per il \nreporting o per scopi di registrazione in conformit\u00e0 con le leggi applicabili. Le informazioni che non ti identificano \npersonalmente possono essere conservate a tempo indeterminato.    <\/p>\n\n\n\n<h4 class=\"wp-block-heading\">Come usiamo le tue informazioni<\/h4>\n\n\n\n<p>\n          https:\/\/salomeodv.it pu\u00f2 utilizzare le tue informazioni per i seguenti scopi:        <\/p>\n\n\n\n<ul class=\"wp-block-list\">\n<li><b>Fornire e mantenere il nostro Servizio,<\/b> cos\u00ec come monitorare l&#8217;utilizzo del nostro Servizio.<\/li>\n<\/ul>\n\n\n\n<h4 class=\"wp-block-heading\">Come condividiamo le tue informazioni<\/h4>\n\n\n\n<p>\n          Salom\u00e9 odv condivider\u00e0 le tue informazioni, se del caso, nelle seguenti situazioni:        <\/p>\n\n\n\n<ul class=\"wp-block-list\">\n<li><b>Con il tuo consenso.<\/b> Salom\u00e9 odv condivider\u00e0 le tue informazioni per qualsiasi scopo con il tuo esplicito consenso.<\/li>\n<\/ul>\n\n\n\n<h4 class=\"wp-block-heading\">Condivisione con terze parti<\/h4>\n\n\n\n<p>Le tue informazioni possono essere divulgate per altri motivi, tra cui:<\/p>\n\n\n\n<ul class=\"wp-block-list\">\n<li>Conformit\u00e0 con le normative, i regolamenti o le ingiunzioni applicabili.<\/li>\n\n\n\n<li>Risposta a reclami sul tuo uso del nostro Servizio violando diritti di terzi.<\/li>\n\n\n\n<li>Rispetto degli accordi stipulati con noi, compresa la presente Informativa sulla privacy.<\/li>\n<\/ul>\n\n\n\n<h4 class=\"wp-block-heading\">Cookie<\/h4>\n\n\n\n<p>\n        I cookie sono piccoli file di testo che vengono collocati sul tuo computer dai siti web che visiti. I siti web utilizzano i cookie per aiutare gli utenti a navigare in modo efficiente ed eseguire determinate funzioni. I cookie che sono necessari per il corretto funzionamento del sito web possono essere impostati senza il tuo permesso. Tutti gli altri cookie devono essere approvati prima di essere impostati nel browser.    <\/p>\n\n\n\n<ul class=\"wp-block-list\">\n<li><b>Cookie strettamente necessari.<\/b> I cookie strettamente necessari consentono le funzionalit\u00e0 principali del sito web come l&#8217;accesso dell&#8217;utente e la gestione dell&#8217;account. Il sito web non pu\u00f2 essere utilizzato correttamente senza i cookie strettamente necessari.<\/li>\n<\/ul>\n\n\n\n<div class=\"cookie-report-container\">\n            <p data-cookiereport=\"true\">\n                Puoi modificare il tuo consenso all&#8217;uso dei cookie qui sotto.            <\/p>\n            <script type=\"text\/javascript\" charset=\"UTF-8\" data-cookiescriptreport=\"report\" data-cs-lang=\"it\" src=\"\/\/report.cookie-script.com\/r\/55cdf194c29edc10755edf65b25161ad.js\">\n            <\/script>\n        <\/div>\n\n\n\n<h4 class=\"wp-block-heading\">Sicurezza<\/h4>\n\n\n\n<p>\n      La sicurezza delle tue informazioni \u00e8 importante per noi. https:\/\/salomeodv.it utilizza una serie di misure di sicurezza per prevenire l&#8217;uso improprio, la perdita o l&#8217;alterazione delle informazioni che ci hai fornito. Tuttavia, poich\u00e9 non possiamo garantire la sicurezza delle informazioni che ci fornisci, stai eseguendo l&#8217;accesso al nostro servizio a tuo rischio e pericolo.    <\/p>\n\n\n\n<p>\n      Salom\u00e9 odv non \u00e8 responsabile delle prestazioni dei siti web gestiti da terzi o delle tue interazioni con essi. Quando abbandoni questo sito web, ti consigliamo di rivedere le pratiche in materia di privacy degli altri siti web con cui interagisci e determinare l&#8217;adeguatezza di tali pratiche.    <\/p>\n\n\n\n<h4 class=\"wp-block-heading\">Contatti<\/h4>\n\n\n\n<p>Per qualsiasi domanda, puoi contattarci attraverso i seguenti canali:<\/p>\n\n\n\n<p>Nome: Salom\u00e9 odv<\/p>\n\n\n\n<p>Indirizzo: Via Trieste 133 73047 Monteroni di Lecce<\/p>\n\n\n\n<p>E-mail: info@salomeodv.it<\/p>\n\n\n\n<p>Sito web: https:\/\/salomeodv.it<\/p>\n","protected":false},"excerpt":{"rendered":"<p>Data di entrata in vigore: 2023-11-24 Ultimo aggiornamento: 2023-11-24 La presente Informativa sulla privacy spiega le politiche di Salom\u00e9 odv sulla raccolta e l&#8217;uso delle informazioni che raccogliamo quando accedi a https:\/\/salomeodv.it (il &#8220;Servizio&#8221;). La presente Informativa sulla privacy descrive i tuoi diritti e in che maniera sei protetto dalle leggi sulla privacy. Utilizzando il [&hellip;]<\/p>\n","protected":false},"author":1,"featured_media":0,"parent":0,"menu_order":0,"comment_status":"closed","ping_status":"open","template":"","meta":{"_acf_changed":false,"footnotes":""},"class_list":["post-3","page","type-page","status-publish","hentry"],"acf":[],"yoast_head":"<!-- This site is optimized with the Yoast SEO plugin v27.5 - https:\/\/yoast.com\/product\/yoast-seo-wordpress\/ -->\n<title>Privacy Policy - Salom\u00e9 odv<\/title>\n<meta name=\"robots\" content=\"index, follow, max-snippet:-1, max-image-preview:large, max-video-preview:-1\" \/>\n<link rel=\"canonical\" href=\"https:\/\/salomeodv.it\/web\/privacy-policy\/\" \/>\n<meta property=\"og:locale\" content=\"it_IT\" \/>\n<meta property=\"og:type\" content=\"article\" \/>\n<meta property=\"og:title\" content=\"Privacy Policy - Salom\u00e9 odv\" \/>\n<meta property=\"og:description\" content=\"Data di entrata in vigore: 2023-11-24 Ultimo aggiornamento: 2023-11-24 La presente Informativa sulla privacy spiega le politiche di Salom\u00e9 odv sulla raccolta e l&#8217;uso delle informazioni che raccogliamo quando accedi a https:\/\/salomeodv.it (il &#8220;Servizio&#8221;). La presente Informativa sulla privacy descrive i tuoi diritti e in che maniera sei protetto dalle leggi sulla privacy. Utilizzando il [&hellip;]\" \/>\n<meta property=\"og:url\" content=\"https:\/\/salomeodv.it\/web\/privacy-policy\/\" \/>\n<meta property=\"og:site_name\" content=\"Salom\u00e9 odv\" \/>\n<meta property=\"article:publisher\" content=\"https:\/\/www.facebook.com\/profile.php?id=100079308981087\" \/>\n<meta property=\"article:modified_time\" content=\"2023-11-24T17:06:21+00:00\" \/>\n<meta property=\"og:image\" content=\"https:\/\/salomeodv.it\/web\/wp-content\/uploads\/2023\/11\/Salome_logo.jpg\" \/>\n\t<meta property=\"og:image:width\" content=\"1920\" \/>\n\t<meta property=\"og:image:height\" content=\"1080\" \/>\n\t<meta property=\"og:image:type\" content=\"image\/jpeg\" \/>\n<meta name=\"twitter:card\" content=\"summary_large_image\" \/>\n<meta name=\"twitter:label1\" content=\"Tempo di lettura stimato\" \/>\n\t<meta name=\"twitter:data1\" content=\"3 minuti\" \/>\n<script type=\"application\/ld+json\" class=\"yoast-schema-graph\">{\"@context\":\"https:\\\/\\\/schema.org\",\"@graph\":[{\"@type\":\"WebPage\",\"@id\":\"https:\\\/\\\/salomeodv.it\\\/web\\\/privacy-policy\\\/\",\"url\":\"https:\\\/\\\/salomeodv.it\\\/web\\\/privacy-policy\\\/\",\"name\":\"Privacy Policy - Salom\u00e9 odv\",\"isPartOf\":{\"@id\":\"https:\\\/\\\/salomeodv.it\\\/web\\\/#website\"},\"datePublished\":\"2023-11-24T16:42:27+00:00\",\"dateModified\":\"2023-11-24T17:06:21+00:00\",\"breadcrumb\":{\"@id\":\"https:\\\/\\\/salomeodv.it\\\/web\\\/privacy-policy\\\/#breadcrumb\"},\"inLanguage\":\"it-IT\",\"potentialAction\":[{\"@type\":\"ReadAction\",\"target\":[\"https:\\\/\\\/salomeodv.it\\\/web\\\/privacy-policy\\\/\"]}]},{\"@type\":\"BreadcrumbList\",\"@id\":\"https:\\\/\\\/salomeodv.it\\\/web\\\/privacy-policy\\\/#breadcrumb\",\"itemListElement\":[{\"@type\":\"ListItem\",\"position\":1,\"name\":\"Home\",\"item\":\"https:\\\/\\\/salomeodv.it\\\/web\\\/\"},{\"@type\":\"ListItem\",\"position\":2,\"name\":\"Privacy Policy\"}]},{\"@type\":\"WebSite\",\"@id\":\"https:\\\/\\\/salomeodv.it\\\/web\\\/#website\",\"url\":\"https:\\\/\\\/salomeodv.it\\\/web\\\/\",\"name\":\"Salom\u00e8 ODV\",\"description\":\"\",\"publisher\":{\"@id\":\"https:\\\/\\\/salomeodv.it\\\/web\\\/#organization\"},\"alternateName\":\"Salom\u00e8\",\"potentialAction\":[{\"@type\":\"SearchAction\",\"target\":{\"@type\":\"EntryPoint\",\"urlTemplate\":\"https:\\\/\\\/salomeodv.it\\\/web\\\/?s={search_term_string}\"},\"query-input\":{\"@type\":\"PropertyValueSpecification\",\"valueRequired\":true,\"valueName\":\"search_term_string\"}}],\"inLanguage\":\"it-IT\"},{\"@type\":\"Organization\",\"@id\":\"https:\\\/\\\/salomeodv.it\\\/web\\\/#organization\",\"name\":\"Salom\u00e8 ODV\",\"alternateName\":\"Salom\u00e8\",\"url\":\"https:\\\/\\\/salomeodv.it\\\/web\\\/\",\"logo\":{\"@type\":\"ImageObject\",\"inLanguage\":\"it-IT\",\"@id\":\"https:\\\/\\\/salomeodv.it\\\/web\\\/#\\\/schema\\\/logo\\\/image\\\/\",\"url\":\"https:\\\/\\\/salomeodv.it\\\/web\\\/wp-content\\\/uploads\\\/2023\\\/11\\\/Salome_logo.jpg\",\"contentUrl\":\"https:\\\/\\\/salomeodv.it\\\/web\\\/wp-content\\\/uploads\\\/2023\\\/11\\\/Salome_logo.jpg\",\"width\":1920,\"height\":1080,\"caption\":\"Salom\u00e8 ODV\"},\"image\":{\"@id\":\"https:\\\/\\\/salomeodv.it\\\/web\\\/#\\\/schema\\\/logo\\\/image\\\/\"},\"sameAs\":[\"https:\\\/\\\/www.facebook.com\\\/profile.php?id=100079308981087\"]}]}<\/script>\n<!-- \/ Yoast SEO plugin. -->","yoast_head_json":{"title":"Privacy Policy - Salom\u00e9 odv","robots":{"index":"index","follow":"follow","max-snippet":"max-snippet:-1","max-image-preview":"max-image-preview:large","max-video-preview":"max-video-preview:-1"},"canonical":"https:\/\/salomeodv.it\/web\/privacy-policy\/","og_locale":"it_IT","og_type":"article","og_title":"Privacy Policy - Salom\u00e9 odv","og_description":"Data di entrata in vigore: 2023-11-24 Ultimo aggiornamento: 2023-11-24 La presente Informativa sulla privacy spiega le politiche di Salom\u00e9 odv sulla raccolta e l&#8217;uso delle informazioni che raccogliamo quando accedi a https:\/\/salomeodv.it (il &#8220;Servizio&#8221;). La presente Informativa sulla privacy descrive i tuoi diritti e in che maniera sei protetto dalle leggi sulla privacy. Utilizzando il [&hellip;]","og_url":"https:\/\/salomeodv.it\/web\/privacy-policy\/","og_site_name":"Salom\u00e9 odv","article_publisher":"https:\/\/www.facebook.com\/profile.php?id=100079308981087","article_modified_time":"2023-11-24T17:06:21+00:00","og_image":[{"width":1920,"height":1080,"url":"https:\/\/salomeodv.it\/web\/wp-content\/uploads\/2023\/11\/Salome_logo.jpg","type":"image\/jpeg"}],"twitter_card":"summary_large_image","twitter_misc":{"Tempo di lettura stimato":"3 minuti"},"schema":{"@context":"https:\/\/schema.org","@graph":[{"@type":"WebPage","@id":"https:\/\/salomeodv.it\/web\/privacy-policy\/","url":"https:\/\/salomeodv.it\/web\/privacy-policy\/","name":"Privacy Policy - Salom\u00e9 odv","isPartOf":{"@id":"https:\/\/salomeodv.it\/web\/#website"},"datePublished":"2023-11-24T16:42:27+00:00","dateModified":"2023-11-24T17:06:21+00:00","breadcrumb":{"@id":"https:\/\/salomeodv.it\/web\/privacy-policy\/#breadcrumb"},"inLanguage":"it-IT","potentialAction":[{"@type":"ReadAction","target":["https:\/\/salomeodv.it\/web\/privacy-policy\/"]}]},{"@type":"BreadcrumbList","@id":"https:\/\/salomeodv.it\/web\/privacy-policy\/#breadcrumb","itemListElement":[{"@type":"ListItem","position":1,"name":"Home","item":"https:\/\/salomeodv.it\/web\/"},{"@type":"ListItem","position":2,"name":"Privacy Policy"}]},{"@type":"WebSite","@id":"https:\/\/salomeodv.it\/web\/#website","url":"https:\/\/salomeodv.it\/web\/","name":"Salom\u00e8 ODV","description":"","publisher":{"@id":"https:\/\/salomeodv.it\/web\/#organization"},"alternateName":"Salom\u00e8","potentialAction":[{"@type":"SearchAction","target":{"@type":"EntryPoint","urlTemplate":"https:\/\/salomeodv.it\/web\/?s={search_term_string}"},"query-input":{"@type":"PropertyValueSpecification","valueRequired":true,"valueName":"search_term_string"}}],"inLanguage":"it-IT"},{"@type":"Organization","@id":"https:\/\/salomeodv.it\/web\/#organization","name":"Salom\u00e8 ODV","alternateName":"Salom\u00e8","url":"https:\/\/salomeodv.it\/web\/","logo":{"@type":"ImageObject","inLanguage":"it-IT","@id":"https:\/\/salomeodv.it\/web\/#\/schema\/logo\/image\/","url":"https:\/\/salomeodv.it\/web\/wp-content\/uploads\/2023\/11\/Salome_logo.jpg","contentUrl":"https:\/\/salomeodv.it\/web\/wp-content\/uploads\/2023\/11\/Salome_logo.jpg","width":1920,"height":1080,"caption":"Salom\u00e8 ODV"},"image":{"@id":"https:\/\/salomeodv.it\/web\/#\/schema\/logo\/image\/"},"sameAs":["https:\/\/www.facebook.com\/profile.php?id=100079308981087"]}]}},"_links":{"self":[{"href":"https:\/\/salomeodv.it\/web\/wp-json\/wp\/v2\/pages\/3","targetHints":{"allow":["GET"]}}],"collection":[{"href":"https:\/\/salomeodv.it\/web\/wp-json\/wp\/v2\/pages"}],"about":[{"href":"https:\/\/salomeodv.it\/web\/wp-json\/wp\/v2\/types\/page"}],"author":[{"embeddable":true,"href":"https:\/\/salomeodv.it\/web\/wp-json\/wp\/v2\/users\/1"}],"replies":[{"embeddable":true,"href":"https:\/\/salomeodv.it\/web\/wp-json\/wp\/v2\/comments?post=3"}],"version-history":[{"count":1,"href":"https:\/\/salomeodv.it\/web\/wp-json\/wp\/v2\/pages\/3\/revisions"}],"predecessor-version":[{"id":11,"href":"https:\/\/salomeodv.it\/web\/wp-json\/wp\/v2\/pages\/3\/revisions\/11"}],"wp:attachment":[{"href":"https:\/\/salomeodv.it\/web\/wp-json\/wp\/v2\/media?parent=3"}],"curies":[{"name":"wp","href":"https:\/\/api.w.org\/{rel}","templated":true}]}}