{"id":23,"date":"2023-11-27T10:09:05","date_gmt":"2023-11-27T10:09:05","guid":{"rendered":"https:\/\/salomeodv.it\/web\/?page_id=23"},"modified":"2023-11-27T13:11:48","modified_gmt":"2023-11-27T13:11:48","slug":"provider-nazionale-ecm","status":"publish","type":"page","link":"https:\/\/salomeodv.it\/web\/provider-nazionale-ecm\/","title":{"rendered":"Provider nazionale ECM"},"content":{"rendered":"\n<p>L&#8217;Associazione svolge sin dal 1998 attivit\u00e0 di organizzazione di eventi scientifici, in particolare di eventi formativi in ambito sanitario, in qualit\u00e0 di Provider ECM.<\/p>\n\n\n\n<p>Nel 2011 ONLUS Salom\u00e8 \u00e8 stata riconfermata, grazie alla qualit\u00e0 del suo comitato scientifico e delle capacit\u00e0 tecniche e organizzative, quale&nbsp;<strong>Provider per l&#8217;Educazione Continua in Medicina<\/strong>&nbsp;<strong>su tutto il territorio nazionale<\/strong>&nbsp;(Provider n. 1103 &#8211; Albo Nazionale del Ministero della Salute \/Age.na.s) per la progettazione di attivit\u00e0 formative in sanit\u00e0.<\/p>\n\n\n\n<p>La professionalit\u00e0 dimostrata negli anni ha qualificato ONLUS Salom\u00e8 quale agenzia per l&#8217;erogazione di crediti ECM a tutto il personale sanitario (medici, biologi, farmacisti, psicologi, infermieri, tecnici, ecc.) sulla base dell&#8217;attuale Regolamento approvato dalla Commissione Nazionale per la Formazione Continua in Medicina.<\/p>\n\n\n\n<p>Il settore dedicato alla formazione &#8220;<strong>Salom\u00e8&nbsp;<em>meeting solutions<\/em><\/strong>&#8221; offre eventi ECM di alta qualit\u00e0 scientifica provvedendo con un&#8217;offerta formativa propria e su richiesta da parte di singoli esperti, Ordini professionali, Societ\u00e0 e Associazioni scientifiche.<\/p>\n\n\n\n<p><strong>Salom\u00e8&nbsp;<em>meeting solutions<\/em><\/strong>&nbsp;fornisce i seguenti servizi:<\/p>\n\n\n\n<ul class=\"wp-block-list\">\n<li>progettazione ed erogazione degli eventi formativi col disbrigo di tutte le formalit\u00e0 necessarie all&#8217;ottenimento dei crediti su tutto il territorio nazionale<\/li>\n\n\n\n<li>controllo del raggiungimento da parte dei partecipanti del massimo livello di apprendimento,<\/li>\n\n\n\n<li>consulenza scientifica e organizzativa per eventi formativi,<\/li>\n\n\n\n<li>formulazione di business plan,<\/li>\n\n\n\n<li>elaborazione di efficaci strategie comunicative personalizzate, compresa la produzione di tutto il materiale utile alla comunicazione, brochure, locandine, manifesti, totem, fondali, volume atti e\/o abstract e sito internet dedicato,<\/li>\n\n\n\n<li>ufficio stampa nazionale e\/o locale,<\/li>\n\n\n\n<li>acquisizione, organizzazione e pubblicazione del materiale didattico e scientifico,<\/li>\n\n\n\n<li>fornitura di servizi di segreteria organizzativa, viaggi e soggiorno per gli ospiti e i partecipanti, scelta delle location per l&#8217;evento, assistenza tecnica e logistica di sala, servizio catering, servizio di interpretariato,<\/li>\n\n\n\n<li>cura di eventi culturali addizionali a favore dei partecipanti all&#8217;evento formativo,<\/li>\n\n\n\n<li>attivit\u00e0 di fund raising.<\/li>\n<\/ul>\n\n\n\n<p>La professionalit\u00e0, l&#8217;impegno e la passione che contraddistinguono da sempre&nbsp;<strong>&#8220;Salom\u00e8 meeting solutions&#8221;<\/strong>nell&#8217;organizzazione di eventi scientifici e culturali di qualit\u00e0, sono al servizio per qualsiasi iniziativa<\/p>\n","protected":false},"excerpt":{"rendered":"<p>L&#8217;Associazione svolge sin dal 1998 attivit\u00e0 di organizzazione di eventi scientifici, in particolare di eventi formativi in ambito sanitario, in qualit\u00e0 di Provider ECM. Nel 2011 ONLUS Salom\u00e8 \u00e8 stata riconfermata, grazie alla qualit\u00e0 del suo comitato scientifico e delle capacit\u00e0 tecniche e organizzative, quale&nbsp;Provider per l&#8217;Educazione Continua in Medicina&nbsp;su tutto il territorio nazionale&nbsp;(Provider n. [&hellip;]<\/p>\n","protected":false},"author":1,"featured_media":87,"parent":0,"menu_order":0,"comment_status":"closed","ping_status":"closed","template":"","meta":{"_acf_changed":false,"footnotes":""},"class_list":["post-23","page","type-page","status-publish","has-post-thumbnail","hentry"],"acf":[],"yoast_head":"<!-- This site is optimized with the Yoast SEO plugin v27.5 - https:\/\/yoast.com\/product\/yoast-seo-wordpress\/ -->\n<title>Provider nazionale ECM - Salom\u00e9 odv<\/title>\n<meta name=\"robots\" content=\"index, follow, max-snippet:-1, max-image-preview:large, max-video-preview:-1\" \/>\n<link rel=\"canonical\" href=\"https:\/\/salomeodv.it\/web\/provider-nazionale-ecm\/\" \/>\n<meta property=\"og:locale\" content=\"it_IT\" \/>\n<meta property=\"og:type\" content=\"article\" \/>\n<meta property=\"og:title\" content=\"Provider nazionale ECM - Salom\u00e9 odv\" \/>\n<meta property=\"og:description\" content=\"L&#8217;Associazione svolge sin dal 1998 attivit\u00e0 di organizzazione di eventi scientifici, in particolare di eventi formativi in ambito sanitario, in qualit\u00e0 di Provider ECM. Nel 2011 ONLUS Salom\u00e8 \u00e8 stata riconfermata, grazie alla qualit\u00e0 del suo comitato scientifico e delle capacit\u00e0 tecniche e organizzative, quale&nbsp;Provider per l&#8217;Educazione Continua in Medicina&nbsp;su tutto il territorio nazionale&nbsp;(Provider n. [&hellip;]\" \/>\n<meta property=\"og:url\" content=\"https:\/\/salomeodv.it\/web\/provider-nazionale-ecm\/\" \/>\n<meta property=\"og:site_name\" content=\"Salom\u00e9 odv\" \/>\n<meta property=\"article:publisher\" content=\"https:\/\/www.facebook.com\/profile.php?id=100079308981087\" \/>\n<meta property=\"article:modified_time\" content=\"2023-11-27T13:11:48+00:00\" \/>\n<meta property=\"og:image\" content=\"https:\/\/salomeodv.it\/web\/wp-content\/uploads\/2023\/11\/image-4.jpeg\" \/>\n\t<meta property=\"og:image:width\" content=\"1110\" \/>\n\t<meta property=\"og:image:height\" content=\"400\" \/>\n\t<meta property=\"og:image:type\" content=\"image\/jpeg\" \/>\n<meta name=\"twitter:card\" content=\"summary_large_image\" \/>\n<meta name=\"twitter:label1\" content=\"Tempo di lettura stimato\" \/>\n\t<meta name=\"twitter:data1\" content=\"2 minuti\" \/>\n<script type=\"application\/ld+json\" class=\"yoast-schema-graph\">{\"@context\":\"https:\\\/\\\/schema.org\",\"@graph\":[{\"@type\":\"WebPage\",\"@id\":\"https:\\\/\\\/salomeodv.it\\\/web\\\/provider-nazionale-ecm\\\/\",\"url\":\"https:\\\/\\\/salomeodv.it\\\/web\\\/provider-nazionale-ecm\\\/\",\"name\":\"Provider nazionale ECM - Salom\u00e9 odv\",\"isPartOf\":{\"@id\":\"https:\\\/\\\/salomeodv.it\\\/web\\\/#website\"},\"primaryImageOfPage\":{\"@id\":\"https:\\\/\\\/salomeodv.it\\\/web\\\/provider-nazionale-ecm\\\/#primaryimage\"},\"image\":{\"@id\":\"https:\\\/\\\/salomeodv.it\\\/web\\\/provider-nazionale-ecm\\\/#primaryimage\"},\"thumbnailUrl\":\"https:\\\/\\\/salomeodv.it\\\/web\\\/wp-content\\\/uploads\\\/2023\\\/11\\\/image-4.jpeg\",\"datePublished\":\"2023-11-27T10:09:05+00:00\",\"dateModified\":\"2023-11-27T13:11:48+00:00\",\"breadcrumb\":{\"@id\":\"https:\\\/\\\/salomeodv.it\\\/web\\\/provider-nazionale-ecm\\\/#breadcrumb\"},\"inLanguage\":\"it-IT\",\"potentialAction\":[{\"@type\":\"ReadAction\",\"target\":[\"https:\\\/\\\/salomeodv.it\\\/web\\\/provider-nazionale-ecm\\\/\"]}]},{\"@type\":\"ImageObject\",\"inLanguage\":\"it-IT\",\"@id\":\"https:\\\/\\\/salomeodv.it\\\/web\\\/provider-nazionale-ecm\\\/#primaryimage\",\"url\":\"https:\\\/\\\/salomeodv.it\\\/web\\\/wp-content\\\/uploads\\\/2023\\\/11\\\/image-4.jpeg\",\"contentUrl\":\"https:\\\/\\\/salomeodv.it\\\/web\\\/wp-content\\\/uploads\\\/2023\\\/11\\\/image-4.jpeg\",\"width\":1110,\"height\":400},{\"@type\":\"BreadcrumbList\",\"@id\":\"https:\\\/\\\/salomeodv.it\\\/web\\\/provider-nazionale-ecm\\\/#breadcrumb\",\"itemListElement\":[{\"@type\":\"ListItem\",\"position\":1,\"name\":\"Home\",\"item\":\"https:\\\/\\\/salomeodv.it\\\/web\\\/\"},{\"@type\":\"ListItem\",\"position\":2,\"name\":\"Provider nazionale ECM\"}]},{\"@type\":\"WebSite\",\"@id\":\"https:\\\/\\\/salomeodv.it\\\/web\\\/#website\",\"url\":\"https:\\\/\\\/salomeodv.it\\\/web\\\/\",\"name\":\"Salom\u00e8 ODV\",\"description\":\"\",\"publisher\":{\"@id\":\"https:\\\/\\\/salomeodv.it\\\/web\\\/#organization\"},\"alternateName\":\"Salom\u00e8\",\"potentialAction\":[{\"@type\":\"SearchAction\",\"target\":{\"@type\":\"EntryPoint\",\"urlTemplate\":\"https:\\\/\\\/salomeodv.it\\\/web\\\/?s={search_term_string}\"},\"query-input\":{\"@type\":\"PropertyValueSpecification\",\"valueRequired\":true,\"valueName\":\"search_term_string\"}}],\"inLanguage\":\"it-IT\"},{\"@type\":\"Organization\",\"@id\":\"https:\\\/\\\/salomeodv.it\\\/web\\\/#organization\",\"name\":\"Salom\u00e8 ODV\",\"alternateName\":\"Salom\u00e8\",\"url\":\"https:\\\/\\\/salomeodv.it\\\/web\\\/\",\"logo\":{\"@type\":\"ImageObject\",\"inLanguage\":\"it-IT\",\"@id\":\"https:\\\/\\\/salomeodv.it\\\/web\\\/#\\\/schema\\\/logo\\\/image\\\/\",\"url\":\"https:\\\/\\\/salomeodv.it\\\/web\\\/wp-content\\\/uploads\\\/2023\\\/11\\\/Salome_logo.jpg\",\"contentUrl\":\"https:\\\/\\\/salomeodv.it\\\/web\\\/wp-content\\\/uploads\\\/2023\\\/11\\\/Salome_logo.jpg\",\"width\":1920,\"height\":1080,\"caption\":\"Salom\u00e8 ODV\"},\"image\":{\"@id\":\"https:\\\/\\\/salomeodv.it\\\/web\\\/#\\\/schema\\\/logo\\\/image\\\/\"},\"sameAs\":[\"https:\\\/\\\/www.facebook.com\\\/profile.php?id=100079308981087\"]}]}<\/script>\n<!-- \/ Yoast SEO plugin. -->","yoast_head_json":{"title":"Provider nazionale ECM - Salom\u00e9 odv","robots":{"index":"index","follow":"follow","max-snippet":"max-snippet:-1","max-image-preview":"max-image-preview:large","max-video-preview":"max-video-preview:-1"},"canonical":"https:\/\/salomeodv.it\/web\/provider-nazionale-ecm\/","og_locale":"it_IT","og_type":"article","og_title":"Provider nazionale ECM - Salom\u00e9 odv","og_description":"L&#8217;Associazione svolge sin dal 1998 attivit\u00e0 di organizzazione di eventi scientifici, in particolare di eventi formativi in ambito sanitario, in qualit\u00e0 di Provider ECM. Nel 2011 ONLUS Salom\u00e8 \u00e8 stata riconfermata, grazie alla qualit\u00e0 del suo comitato scientifico e delle capacit\u00e0 tecniche e organizzative, quale&nbsp;Provider per l&#8217;Educazione Continua in Medicina&nbsp;su tutto il territorio nazionale&nbsp;(Provider n. [&hellip;]","og_url":"https:\/\/salomeodv.it\/web\/provider-nazionale-ecm\/","og_site_name":"Salom\u00e9 odv","article_publisher":"https:\/\/www.facebook.com\/profile.php?id=100079308981087","article_modified_time":"2023-11-27T13:11:48+00:00","og_image":[{"width":1110,"height":400,"url":"https:\/\/salomeodv.it\/web\/wp-content\/uploads\/2023\/11\/image-4.jpeg","type":"image\/jpeg"}],"twitter_card":"summary_large_image","twitter_misc":{"Tempo di lettura stimato":"2 minuti"},"schema":{"@context":"https:\/\/schema.org","@graph":[{"@type":"WebPage","@id":"https:\/\/salomeodv.it\/web\/provider-nazionale-ecm\/","url":"https:\/\/salomeodv.it\/web\/provider-nazionale-ecm\/","name":"Provider nazionale ECM - Salom\u00e9 odv","isPartOf":{"@id":"https:\/\/salomeodv.it\/web\/#website"},"primaryImageOfPage":{"@id":"https:\/\/salomeodv.it\/web\/provider-nazionale-ecm\/#primaryimage"},"image":{"@id":"https:\/\/salomeodv.it\/web\/provider-nazionale-ecm\/#primaryimage"},"thumbnailUrl":"https:\/\/salomeodv.it\/web\/wp-content\/uploads\/2023\/11\/image-4.jpeg","datePublished":"2023-11-27T10:09:05+00:00","dateModified":"2023-11-27T13:11:48+00:00","breadcrumb":{"@id":"https:\/\/salomeodv.it\/web\/provider-nazionale-ecm\/#breadcrumb"},"inLanguage":"it-IT","potentialAction":[{"@type":"ReadAction","target":["https:\/\/salomeodv.it\/web\/provider-nazionale-ecm\/"]}]},{"@type":"ImageObject","inLanguage":"it-IT","@id":"https:\/\/salomeodv.it\/web\/provider-nazionale-ecm\/#primaryimage","url":"https:\/\/salomeodv.it\/web\/wp-content\/uploads\/2023\/11\/image-4.jpeg","contentUrl":"https:\/\/salomeodv.it\/web\/wp-content\/uploads\/2023\/11\/image-4.jpeg","width":1110,"height":400},{"@type":"BreadcrumbList","@id":"https:\/\/salomeodv.it\/web\/provider-nazionale-ecm\/#breadcrumb","itemListElement":[{"@type":"ListItem","position":1,"name":"Home","item":"https:\/\/salomeodv.it\/web\/"},{"@type":"ListItem","position":2,"name":"Provider nazionale ECM"}]},{"@type":"WebSite","@id":"https:\/\/salomeodv.it\/web\/#website","url":"https:\/\/salomeodv.it\/web\/","name":"Salom\u00e8 ODV","description":"","publisher":{"@id":"https:\/\/salomeodv.it\/web\/#organization"},"alternateName":"Salom\u00e8","potentialAction":[{"@type":"SearchAction","target":{"@type":"EntryPoint","urlTemplate":"https:\/\/salomeodv.it\/web\/?s={search_term_string}"},"query-input":{"@type":"PropertyValueSpecification","valueRequired":true,"valueName":"search_term_string"}}],"inLanguage":"it-IT"},{"@type":"Organization","@id":"https:\/\/salomeodv.it\/web\/#organization","name":"Salom\u00e8 ODV","alternateName":"Salom\u00e8","url":"https:\/\/salomeodv.it\/web\/","logo":{"@type":"ImageObject","inLanguage":"it-IT","@id":"https:\/\/salomeodv.it\/web\/#\/schema\/logo\/image\/","url":"https:\/\/salomeodv.it\/web\/wp-content\/uploads\/2023\/11\/Salome_logo.jpg","contentUrl":"https:\/\/salomeodv.it\/web\/wp-content\/uploads\/2023\/11\/Salome_logo.jpg","width":1920,"height":1080,"caption":"Salom\u00e8 ODV"},"image":{"@id":"https:\/\/salomeodv.it\/web\/#\/schema\/logo\/image\/"},"sameAs":["https:\/\/www.facebook.com\/profile.php?id=100079308981087"]}]}},"_links":{"self":[{"href":"https:\/\/salomeodv.it\/web\/wp-json\/wp\/v2\/pages\/23","targetHints":{"allow":["GET"]}}],"collection":[{"href":"https:\/\/salomeodv.it\/web\/wp-json\/wp\/v2\/pages"}],"about":[{"href":"https:\/\/salomeodv.it\/web\/wp-json\/wp\/v2\/types\/page"}],"author":[{"embeddable":true,"href":"https:\/\/salomeodv.it\/web\/wp-json\/wp\/v2\/users\/1"}],"replies":[{"embeddable":true,"href":"https:\/\/salomeodv.it\/web\/wp-json\/wp\/v2\/comments?post=23"}],"version-history":[{"count":3,"href":"https:\/\/salomeodv.it\/web\/wp-json\/wp\/v2\/pages\/23\/revisions"}],"predecessor-version":[{"id":89,"href":"https:\/\/salomeodv.it\/web\/wp-json\/wp\/v2\/pages\/23\/revisions\/89"}],"wp:featuredmedia":[{"embeddable":true,"href":"https:\/\/salomeodv.it\/web\/wp-json\/wp\/v2\/media\/87"}],"wp:attachment":[{"href":"https:\/\/salomeodv.it\/web\/wp-json\/wp\/v2\/media?parent=23"}],"curies":[{"name":"wp","href":"https:\/\/api.w.org\/{rel}","templated":true}]}}